{"id":34,"date":"2017-11-30T18:25:27","date_gmt":"2017-11-30T17:25:27","guid":{"rendered":"https:\/\/www.tierdoktor.net\/?page_id=34"},"modified":"2025-01-26T12:05:03","modified_gmt":"2025-01-26T11:05:03","slug":"fragenkatalog","status":"publish","type":"page","link":"https:\/\/www.tierdoktor.net\/?page_id=34","title":{"rendered":"Fragenkatalog"},"content":{"rendered":"<p>Achtung: seit 01.01.2025 gilt ein neuer Fragenkatalog.<br \/>\nDen aktuellen Fragenkatalog sowie die L\u00f6sungsb\u00f6gen der Tier\u00e4rztekammer Westfalen &#8211; Lippe k\u00f6nnen Sie hier einsehen:<br \/>\n<a href=\"https:\/\/www.tieraerztekammer-wl.de\/fuer-tierhalter\/sachkundenachweis\/\" target=\"_blank\" rel=\"noopener\">Sachkundenachweis (Tier\u00e4rztekammer Westfalen-Lippe)<\/a><\/p>\n<p>&nbsp;<\/p>\n","protected":false},"excerpt":{"rendered":"<p>Achtung: seit 01.01.2025 gilt ein neuer Fragenkatalog. Den aktuellen Fragenkatalog sowie die L\u00f6sungsb\u00f6gen der Tier\u00e4rztekammer Westfalen &#8211; Lippe k\u00f6nnen Sie hier einsehen: Sachkundenachweis (Tier\u00e4rztekammer Westfalen-Lippe) &nbsp;<\/p>\n","protected":false},"author":1,"featured_media":0,"parent":13,"menu_order":4,"comment_status":"closed","ping_status":"closed","template":"","meta":{"footnotes":""},"class_list":["post-34","page","type-page","status-publish","hentry"],"_links":{"self":[{"href":"https:\/\/www.tierdoktor.net\/index.php?rest_route=\/wp\/v2\/pages\/34","targetHints":{"allow":["GET"]}}],"collection":[{"href":"https:\/\/www.tierdoktor.net\/index.php?rest_route=\/wp\/v2\/pages"}],"about":[{"href":"https:\/\/www.tierdoktor.net\/index.php?rest_route=\/wp\/v2\/types\/page"}],"author":[{"embeddable":true,"href":"https:\/\/www.tierdoktor.net\/index.php?rest_route=\/wp\/v2\/users\/1"}],"replies":[{"embeddable":true,"href":"https:\/\/www.tierdoktor.net\/index.php?rest_route=%2Fwp%2Fv2%2Fcomments&post=34"}],"version-history":[{"count":4,"href":"https:\/\/www.tierdoktor.net\/index.php?rest_route=\/wp\/v2\/pages\/34\/revisions"}],"predecessor-version":[{"id":483,"href":"https:\/\/www.tierdoktor.net\/index.php?rest_route=\/wp\/v2\/pages\/34\/revisions\/483"}],"up":[{"embeddable":true,"href":"https:\/\/www.tierdoktor.net\/index.php?rest_route=\/wp\/v2\/pages\/13"}],"wp:attachment":[{"href":"https:\/\/www.tierdoktor.net\/index.php?rest_route=%2Fwp%2Fv2%2Fmedia&parent=34"}],"curies":[{"name":"wp","href":"https:\/\/api.w.org\/{rel}","templated":true}]}}