{"id":25,"date":"2017-11-30T18:19:54","date_gmt":"2017-11-30T17:19:54","guid":{"rendered":"https:\/\/www.tierdoktor.net\/?page_id=25"},"modified":"2024-08-13T15:48:14","modified_gmt":"2024-08-13T13:48:14","slug":"infos-zum-sachkundenachweis","status":"publish","type":"page","link":"https:\/\/www.tierdoktor.net\/?page_id=25","title":{"rendered":"Infos zum Sachkundenachweis"},"content":{"rendered":"<table width=\"771\">\n<tbody>\n<tr>\n<td width=\"55%\"><u>Rechtliche Informationen zum &#8222;Sachkundenachweis&#8220;<\/u><\/td>\n<td width=\"22%\"><\/td>\n<\/tr>\n<tr>\n<td colspan=\"3\">Es handelt sich um die Bescheinigung f\u00fcr Hundehalter gem\u00e4\u00df \u00a711Abs.3 des Landeshundegesetz NRW (LHundG) (sog. 20\/40 Hunde oder gro\u00dfe Hunde):Nach dem LHundG m\u00fcssen Hunde bzw. deren Halter<\/p>\n<ul>\n<li>\u00a0 \u00a0ehemaliger Anlage 1 Hunde (jetzt \u00a73) u.a. zum Wesenstest ==&gt; Veterin\u00e4ramt<\/li>\n<li><span style=\"font-size: 15px; font-weight: 300;\">\u00a0 \u00a0ehemaliger Anlage 2 Hunde (jetzt nach \u00a710) u.a. zum Wesen\/Sachkundetest ==&gt; Veterin\u00e4ramt und freie, vom Landesministerium anerkannte Hundevereine (VDH etc.)<\/span><\/li>\n<li><span style=\"font-size: 15px; font-weight: 300;\">\u00a0 \u00a0gef\u00e4hrliche Hunde u.a. zum Wesenstest ==&gt; Veterin\u00e4ramt<\/span><\/li>\n<li><span style=\"font-size: 15px; font-weight: 300;\">\u00a0 \u00a0gro\u00dfe Hunde, d.h. mehr als 20 kg und\/oder 40 cm:<\/span>\n<ol>\n<li>F\u00fchrungszeugnis ==&gt; Ordnungsamt (nur auf Aufforderung durch die Beh\u00f6rde)<\/li>\n<li><span style=\"font-size: 15px; font-weight: 300;\">Haftpflichtversicherung ==&gt; Versicherer<\/span><\/li>\n<li>Chip ==&gt; jede Tierarztpraxis<\/li>\n<li>Sachkundenachweis durch\n<ul>\n<li style=\"list-style-type: none;\">\n<ul>\n<li style=\"list-style-type: none;\">\n<ul>\n<li><span style=\"font-size: 15px; font-weight: 300;\">J\u00e4gerpr\u00fcfung oder<\/span><\/li>\n<li><span style=\"font-size: 15px; font-weight: 300;\">Nachweis der Haltung von 20\/40er Hunden seit mindestens 3 Jahren oder<\/span><\/li>\n<li><span style=\"font-size: 15px; font-weight: 300;\">Bescheinigung der Sachkunde durch von den Landestier\u00e4rztekammern ausdr\u00fccklich autorisierte Tier\u00e4rzte<\/span><\/li>\n<\/ul>\n<\/li>\n<\/ul>\n<\/li>\n<\/ul>\n<\/li>\n<\/ol>\n<\/li>\n<\/ul>\n<p>Vorgeschrieben ist die Abnahme der Sachkunde durch ein sog. Informationsgespr\u00e4ch (kein &#8222;Pr\u00fcfungscharakter&#8220;) unter Verwendung eines von der Landestier\u00e4rztekammer erstellten <a href=\"https:\/\/www.tierdoktor.net\/?page_id=34\" target=\"_blank\" rel=\"noopener\">Fragebogens <\/a> mit anschlie\u00dfendem Gespr\u00e4ch.<\/p>\n<p>Bei den angebotenen <a href=\"https:\/\/www.tierdoktor.net\/?page_id=22\" target=\"_blank\" rel=\"noopener\">Terminen<\/a> erfolgt zun\u00e4chst die vorgeschriebene Beantwortung von Frageb\u00f6gen. Anschlie\u00dfend folgt ein ca. 60 bis 80 min\u00fctiges Informationsgespr\u00e4ch.<\/p>\n<p><strong><u>Kosten:<\/u><\/strong>\u00a0 landeseinheitlich 55 EUR inkl. MwSt einfacher Geb\u00fchrensatz entsprechend der Geb\u00fchrenordnung f\u00fcr Tier\u00e4rzte (GOT, Stand: 2023)<\/p>\n<p>N\u00e4here Informationen sowie den genauen Gesetzestext finden Sie <a href=\"https:\/\/www.tierdoktor.net\/?page_id=49\" target=\"_blank\" rel=\"noopener\">hier<\/a>.<\/td>\n<\/tr>\n<\/tbody>\n<\/table>\n","protected":false},"excerpt":{"rendered":"<p>Rechtliche Informationen zum &#8222;Sachkundenachweis&#8220; Es handelt sich um die Bescheinigung f\u00fcr Hundehalter gem\u00e4\u00df \u00a711Abs.3 des Landeshundegesetz NRW (LHundG) (sog. 20\/40 Hunde oder gro\u00dfe Hunde):Nach dem LHundG m\u00fcssen Hunde bzw. deren Halter \u00a0 \u00a0ehemaliger Anlage 1 Hunde (jetzt \u00a73) u.a. zum <a class=\"more-link\" href=\"https:\/\/www.tierdoktor.net\/?page_id=25\">weiterlesen  <span class=\"screen-reader-text\">  Infos zum Sachkundenachweis<\/span><span class=\"meta-nav\">&rarr;<\/span><\/a><\/p>\n","protected":false},"author":1,"featured_media":0,"parent":13,"menu_order":2,"comment_status":"closed","ping_status":"closed","template":"","meta":{"footnotes":""},"class_list":["post-25","page","type-page","status-publish","hentry"],"_links":{"self":[{"href":"https:\/\/www.tierdoktor.net\/index.php?rest_route=\/wp\/v2\/pages\/25","targetHints":{"allow":["GET"]}}],"collection":[{"href":"https:\/\/www.tierdoktor.net\/index.php?rest_route=\/wp\/v2\/pages"}],"about":[{"href":"https:\/\/www.tierdoktor.net\/index.php?rest_route=\/wp\/v2\/types\/page"}],"author":[{"embeddable":true,"href":"https:\/\/www.tierdoktor.net\/index.php?rest_route=\/wp\/v2\/users\/1"}],"replies":[{"embeddable":true,"href":"https:\/\/www.tierdoktor.net\/index.php?rest_route=%2Fwp%2Fv2%2Fcomments&post=25"}],"version-history":[{"count":6,"href":"https:\/\/www.tierdoktor.net\/index.php?rest_route=\/wp\/v2\/pages\/25\/revisions"}],"predecessor-version":[{"id":477,"href":"https:\/\/www.tierdoktor.net\/index.php?rest_route=\/wp\/v2\/pages\/25\/revisions\/477"}],"up":[{"embeddable":true,"href":"https:\/\/www.tierdoktor.net\/index.php?rest_route=\/wp\/v2\/pages\/13"}],"wp:attachment":[{"href":"https:\/\/www.tierdoktor.net\/index.php?rest_route=%2Fwp%2Fv2%2Fmedia&parent=25"}],"curies":[{"name":"wp","href":"https:\/\/api.w.org\/{rel}","templated":true}]}}