{"id":227,"date":"2018-05-18T13:44:54","date_gmt":"2018-05-18T11:44:54","guid":{"rendered":"https:\/\/www.tierdoktor.net\/?page_id=227"},"modified":"2018-05-18T14:02:36","modified_gmt":"2018-05-18T12:02:36","slug":"datenschutzhinweise","status":"publish","type":"page","link":"https:\/\/www.tierdoktor.net\/?page_id=227","title":{"rendered":"Datenschutzhinweise"},"content":{"rendered":"<p style=\"text-align: left;\" align=\"center\">Auf dieser Homepage werden von mir standardm\u00e4\u00dfig keine personenbezogenen Daten erhoben.<br \/>\nSollten dennoch Daten zB seitens des Providers erhoben werden oder Sie mir \u00fcber die Kontaktm\u00f6glichkeiten (email, Telefon, FAX) Daten mitteilen, so gilt folgender Hinweis:<\/p>\n<p class=\"western\" align=\"center\"><span style=\"color: #231f20;\"><span style=\"font-family: Calibri, sans-serif;\"><b>Datenschutzhinweis<\/b><\/span><\/span><\/p>\n<p class=\"western\"><span style=\"color: #231f20;\"><span style=\"font-family: Calibri, sans-serif;\">Die Rechtsgrundlage der Datenverarbeitung auf dieser Homepage ist Art. 6 Abs. 1 DSGVO. Die \u00dcbermittlung s\u00e4mtlicher Daten ist derzeit noch ungesichert, d. h. sie erfolgt nicht \u00fcber eine https-Verbindung. Daher k\u00f6nnten die \u00fcbermittelten Daten auch unbefugten Dritten zur Kenntnis gelangen. <\/span><\/span><\/p>\n<p class=\"western\"><span style=\"color: #231f20;\"><span style=\"font-family: Calibri, sans-serif;\">S\u00e4mtliche erhobene Daten (s. u.) werden zum Zweck der Nutzung dieser Homepage und zum Schutz der Rechte und des (auch geistigen) Eigentums des Herausgebers verarbeitet. Diese Daten werden auch verarbeitet, um den Aufbau sowie die Aufrechterhaltung der Verbindung sowie ein problemloses Surfen auf dieser Homepage gew\u00e4hrleisten zu k\u00f6nnen. Die Datenverarbeitung erfolgt ebenso f\u00fcr administrative Zwecke zur Auswertung von Nutzungsstatistiken.<\/span><\/span><\/p>\n<p class=\"western\"><span style=\"color: #231f20;\"><span style=\"font-family: Calibri, sans-serif;\">Die benannten Zwecke begr\u00fcnden im Weiteren das Herausgeberinteresse an der Datenverarbeitung durch Nutzung dieser Homepage an sich. <\/span><\/span><\/p>\n<p class=\"western\"><span style=\"color: #231f20;\"><span style=\"font-family: Calibri, sans-serif;\">S\u00e4mtliche erhobene Daten und Informationen werden nicht genutzt, um den Nutzer dieser Homepage pers\u00f6nlich zu identifizieren, es sei denn, er tritt \u00fcber die auf der Webseite angebotenen digitalen M\u00f6glichkeiten mit dem Herausgeber in Kontakt.<\/span><\/span><\/p>\n<p class=\"western\"><span style=\"color: #231f20;\"><span style=\"font-family: Calibri, sans-serif;\">Um die Nutzerdaten gegen zuf\u00e4llige oder vors\u00e4tzliche Manipulationen, teilweisen oder vollst\u00e4ndigen Verlust, Zerst\u00f6rung oder gegen den unbefugten Zugriff Dritter zu sch\u00fctzen, kommen im Zugriffsbereich geeignete technische und organisatorische Sicherheitsma\u00dfnahmen zum Einsatz (Art. 25 DSGVO).<\/span><\/span><\/p>\n<p class=\"western\"><span style=\"color: #231f20;\"><span style=\"font-family: Calibri, sans-serif;\">Auf dieser Homepage befinden sich Verlinkungen zu anderen Webseiten im Internet. Mit Anklicken dieser Verlinkungen verl\u00e4sst der Nutzer diese Homepage. Der Herausgeber dieser Homepage \u00fcbernimmt keine Haftung f\u00fcr Rechtsverletzungen, dahingestellt aus welchem Rechtsgrund, die mit dem Anklicken der Verlinkungen sowie dem Verlassen dieser Homepage einhergehen k\u00f6nnten. Insbesondere haftet der Herausgeber nicht f\u00fcr Datenschutzverletzungen, die sich allein durch Anklicken oder Mausber\u00fchrung der Verlinkungen sowie dar\u00fcber hinaus durch Besuch der extern verlinkten Seiten ergeben.<\/span><\/span><\/p>\n<p class=\"western\"><span style=\"color: #231f20;\"><span style=\"font-family: Calibri, sans-serif;\">Beim Aufrufen dieser Homepage werden durch den vom Nutzer verwendeten Browser automatisch verschiedene Informationen an den Server, von dem diese Homepage in dem Moment abgerufen wird, \u00fcbertragen. Diese werden zumindest zeitweilig in einer Speicherdatei auf dem Server erfasst, einem sogenannten Log-File. Davon unbenommen sind Daten, die der Internetprovider des Nutzers auf gesetzlicher oder sonstiger Basis vom Nutzer erfasst und eventuell speichert. Vorbenannte Informationen sind z. B. die IP-Adresse des Nutzer-Endger\u00e4tes, Datum und Uhrzeit des Zugriffs, Name und Internetadresse der abgerufenen Dateien, die Ursprungswebseite, von der aus der Zugriff erfolgt, der zugreifende Browser und das Betriebssystem des Zugriffger\u00e4tes sowie der Name des Access-Providers des Nutzers. <\/span><\/span><\/p>\n<p class=\"western\"><span style=\"color: #231f20;\"><span style=\"font-family: Calibri, sans-serif;\">Auf dieser Homepage wird die M\u00f6glichkeit des Direktkontaktes \u00fcber ein entsprechendes Formular geboten, in dem der Nutzer seine Daten freiwillig eintragen kann. Dazu geh\u00f6rt auch eine vom Nutzer anzugebende E-Mailadresse oder Telefonnummer, die als Pflichtfeld gekennzeichnet sind, da der gew\u00fcnschte Kontakt sonst nicht hergestellt werden kann. Mit dem Eintrag und der Best\u00e4tigung des Opt-Ins zur Kontaktaufnahme erteilt der Nutzer dem Herausgeber die freiwillige Einwilligung zu dieser Kontaktaufnahme nach Art. 6 Abs. 1 Satz 1 a) DSGVO. Die \u00fcbermittelten Kontaktdaten werden gel\u00f6scht, wenn die Nutzeranfrage abschlie\u00dfend bearbeitet wurde, bzw. unabh\u00e4ngig von einer erfolgten Kontaktaufnahme automatisch sp\u00e4testens nach einem Monat. <\/span><\/span><\/p>\n<p class=\"western\"><span style=\"color: #231f20;\"><span style=\"font-family: Calibri, sans-serif;\"><b>Weiterhin hat der Nutzer als Betroffene(r) folgende Rechte:<\/b><\/span><\/span><\/p>\n<p class=\"western\"><span style=\"color: #231f20;\"><span style=\"font-family: Calibri, sans-serif;\">Der Nutzer kann gem\u00e4\u00df Art. 15 DSGVO Auskunft \u00fcber seine vom Herausgeber verarbeiteten personenbezogenen Daten verlangen. Dies betrifft besonders den Verarbeitungszweck, die Kategorie der personenbezogenen Daten, die Kategorien von Empf\u00e4ngern, denen die Nutzerdaten \u00fcbermittelt werden, die Speicherdauer der Nutzerdaten, die Nutzerrechte auf Berichtigung (Art. 16 DSGVO), L\u00f6schung (Art. 17 DSGVO), Einschr\u00e4nkung der Verarbeitung (Art. 18 DSGVO) oder Widerspruch (Art. 21 DGSVO) sowie das Bestehen eines Beschwerderechts (Art. 77 DSGVO). <\/span><\/span><\/p>\n<p class=\"western\"><span style=\"color: #231f20;\"><span style=\"font-family: Calibri, sans-serif;\">Au\u00dferdem hat der Nutzer das Recht auf Daten\u00fcbertragbarkeit (Art. 20 DSGVO), das hei\u00dft \u00dcbermittlung der vom Nutzer bereitgestellten Daten durch den Herausgeber der Seite in einem strukturierten, g\u00e4ngigen und maschinenlesebaren Format an sich selbst oder an einen anderen Verantwortlichen. <\/span><\/span><\/p>\n<p class=\"western\"><span style=\"color: #231f20;\"><span style=\"font-family: Calibri, sans-serif;\">Sollte der Nutzer dem Herausgeber eine Einwilligung zur Datenerhebung erteilt haben, kann diese gem\u00e4\u00df Art. 7 Abs. 3 DSGVO jederzeit widerrufen oder abge\u00e4ndert werden. Dies hat zur Folge, dass die Datenverarbeitung, die auf dieser Einwilligung beruhte, f\u00fcr die Zukunft nicht mehr in der vormaligen Weise fortgef\u00fchrt werden darf.<\/span><\/span><\/p>\n<p class=\"western\" align=\"center\"><span style=\"color: #231f20;\"><span style=\"font-family: Calibri, sans-serif;\"><span style=\"font-size: medium;\"><b>Cookies<\/b><\/span><\/span><\/span><\/p>\n<p class=\"western\"><span style=\"color: #231f20;\"><span style=\"font-family: Calibri, sans-serif;\">Auf dieser Internetseite werden Cookies eingesetzt. Cookies sind, vereinfacht gesagt, kleine Programme, die auf dem Endger\u00e4t, von dem der Nutzer auf diese Seite zugreift, abgelegt werden und Informationen \u00fcber das Nutzerverhalten im Internet sammeln, weiterleiten und auswerten. Diese Cookies werden nicht vom Herausgeber dieser Seite, sondern auf den Servern eines Dritten gespeichert, <\/span><\/span><span style=\"color: #231f20;\"><span style=\"font-family: Calibri, sans-serif;\"><i>die sich zudem au\u00dferhalb der EU befinden k\u00f6nnen<\/i><\/span><\/span><span style=\"color: #231f20;\"><span style=\"font-family: Calibri, sans-serif;\">. Wenn der Nutzer die Cookies nach Beenden der Session nicht in seinem benutzten Browser l\u00f6scht, kann anhand dieser Cookies u. a. sp\u00e4ter erkannt werden, dass der Nutzer diese Seite bereits zuvor besucht hat. Dadurch werden auch die vormals vorgenommenen Nutzereinstellungen bez\u00fcglich der Webseite wieder hergestellt und angewendet.<\/span><\/span><\/p>\n<p class=\"western\"><span style=\"color: #231f20;\"><span style=\"font-family: Calibri, sans-serif;\">Informationen zum Umgang mit Cookies sind auch den Dokumentationen des genutzten Browsers zu entnehmen, in den ebenfalls (teils automatisierte) M\u00f6glichkeiten offeriert werden d\u00fcrften, die Annahme von Cookies zu verweigern bzw. diese nach Aufruf der Seite automatisch wieder l\u00f6schen zu lassen oder l\u00f6schen zu k\u00f6nnen.<\/span><\/span><\/p>\n<p>(Quelle: Bundestier\u00e4rztekammer)<\/p>\n<p class=\"western\" align=\"center\">\n","protected":false},"excerpt":{"rendered":"<p>Auf dieser Homepage werden von mir standardm\u00e4\u00dfig keine personenbezogenen Daten erhoben. Sollten dennoch Daten zB seitens des Providers erhoben werden oder Sie mir \u00fcber die Kontaktm\u00f6glichkeiten (email, Telefon, FAX) Daten mitteilen, so gilt folgender Hinweis: Datenschutzhinweis Die Rechtsgrundlage der Datenverarbeitung <a class=\"more-link\" href=\"https:\/\/www.tierdoktor.net\/?page_id=227\">weiterlesen  <span class=\"screen-reader-text\">  Datenschutzhinweise<\/span><span class=\"meta-nav\">&rarr;<\/span><\/a><\/p>\n","protected":false},"author":1,"featured_media":0,"parent":11,"menu_order":1,"comment_status":"closed","ping_status":"closed","template":"page-fullwidth.php","meta":{"footnotes":""},"class_list":["post-227","page","type-page","status-publish","hentry"],"_links":{"self":[{"href":"https:\/\/www.tierdoktor.net\/index.php?rest_route=\/wp\/v2\/pages\/227","targetHints":{"allow":["GET"]}}],"collection":[{"href":"https:\/\/www.tierdoktor.net\/index.php?rest_route=\/wp\/v2\/pages"}],"about":[{"href":"https:\/\/www.tierdoktor.net\/index.php?rest_route=\/wp\/v2\/types\/page"}],"author":[{"embeddable":true,"href":"https:\/\/www.tierdoktor.net\/index.php?rest_route=\/wp\/v2\/users\/1"}],"replies":[{"embeddable":true,"href":"https:\/\/www.tierdoktor.net\/index.php?rest_route=%2Fwp%2Fv2%2Fcomments&post=227"}],"version-history":[{"count":6,"href":"https:\/\/www.tierdoktor.net\/index.php?rest_route=\/wp\/v2\/pages\/227\/revisions"}],"predecessor-version":[{"id":241,"href":"https:\/\/www.tierdoktor.net\/index.php?rest_route=\/wp\/v2\/pages\/227\/revisions\/241"}],"up":[{"embeddable":true,"href":"https:\/\/www.tierdoktor.net\/index.php?rest_route=\/wp\/v2\/pages\/11"}],"wp:attachment":[{"href":"https:\/\/www.tierdoktor.net\/index.php?rest_route=%2Fwp%2Fv2%2Fmedia&parent=227"}],"curies":[{"name":"wp","href":"https:\/\/api.w.org\/{rel}","templated":true}]}}