{"id":177,"date":"2017-12-05T18:54:31","date_gmt":"2017-12-05T17:54:31","guid":{"rendered":"https:\/\/www.tierdoktor.net\/?page_id=177"},"modified":"2023-02-07T11:48:36","modified_gmt":"2023-02-07T10:48:36","slug":"impfungen","status":"publish","type":"page","link":"https:\/\/www.tierdoktor.net\/?page_id=177","title":{"rendered":"Impfungen"},"content":{"rendered":"<p style=\"text-align: center;\" align=\"center\"><u><span style=\"font-family: Arial;\">Impfungen<\/span><\/u><\/p>\n<p><span style=\"font-family: Arial;\">\u00a0<\/span><span style=\"font-family: Arial;\">\u00dcber Impfungen, ihre Vor- und Nachteile, Risiken und Chancen finden Sie, vor allem im Internet, viele verschiedene Meinungen. Als sehr gute Informationsquelle kann Ihnen dabei diese <a href=\"https:\/\/www.vdh.de\/ratgeber\/hundegesundheit\/\" target=\"_blank\" rel=\"noopener\">Seite<\/a> helfen. Der VDH ist als unabh\u00e4ngiger Verband dabei weder von den Impfstoffherstellern noch von Tier\u00e4rzten abh\u00e4ngig.<\/span><\/p>\n<p><span style=\"font-family: Arial;\">Eine weitere objektive Stellungnahme seitens der <a href=\"http:\/\/www.bundestieraerztekammer.de\/\" target=\"_blank\" rel=\"noopener\">Bundestier\u00e4rztkammer<\/a> finden Sie unter <a href=\"https:\/\/www.bundestieraerztekammer.de\/d.php?id=3185\" target=\"_blank\" rel=\"noopener\">Impfstellungnahme<\/a><\/span><\/p>\n<p><span style=\"font-family: Arial;\">Das f\u00fcr Ihren Hund individuell richtige Impfschema k\u00f6nnen wir gerne bei der n\u00e4chsten Untersuchung er\u00f6rtern.<\/span><\/p>\n<p><span style=\"font-family: Arial;\">Sie sollten Ihren Hund ca. 14 Tage <u>vor<\/u> der Impfung entwurmen. Eine Impfung setzt ein funktionierendes Immunsystem voraus. Ein <a href=\"http:\/\/www.esccap.de\" target=\"_blank\" rel=\"noopener\">Parasitenbefall<\/a> reduziert die Wirkung des Impfstoffes. Daher schreiben mittlerweile alle Hersteller vor, dass nur gesunde und \u201ewurmfreie\u201c Tiere geimpft werden d\u00fcrfen.<br \/>\nUm die &#8222;Impff\u00e4higkeit&#8220; = Gesundheit festzustellen ist eine Untersuchung des Hundes vor der Impfung nicht nur vorgeschrieben, sondern unbedingt n\u00f6tig.<br \/>\nMassenimpfungen ohne vorherige Untersuchung (bspw. auf Hundepl\u00e4tzen) sind medizinisch unverantwortlich und werden von mir daher abgelehnt. <\/span><\/p>\n<p style=\"text-align: center;\" align=\"center\"><span style=\"font-family: Arial;\">Wir impfen um Ihren Hund zu sch\u00fctzen und nicht um einen Stempel im Pa\u00df zu haben!<\/span><\/p>\n<p><span style=\"font-family: Arial;\">\u00a0<\/span><\/p>\n","protected":false},"excerpt":{"rendered":"<p>Impfungen \u00a0\u00dcber Impfungen, ihre Vor- und Nachteile, Risiken und Chancen finden Sie, vor allem im Internet, viele verschiedene Meinungen. Als sehr gute Informationsquelle kann Ihnen dabei diese Seite helfen. Der VDH ist als unabh\u00e4ngiger Verband dabei weder von den Impfstoffherstellern <a class=\"more-link\" href=\"https:\/\/www.tierdoktor.net\/?page_id=177\">weiterlesen  <span class=\"screen-reader-text\">  Impfungen<\/span><span class=\"meta-nav\">&rarr;<\/span><\/a><\/p>\n","protected":false},"author":1,"featured_media":0,"parent":0,"menu_order":0,"comment_status":"closed","ping_status":"closed","template":"","meta":{"footnotes":""},"class_list":["post-177","page","type-page","status-publish","hentry"],"_links":{"self":[{"href":"https:\/\/www.tierdoktor.net\/index.php?rest_route=\/wp\/v2\/pages\/177","targetHints":{"allow":["GET"]}}],"collection":[{"href":"https:\/\/www.tierdoktor.net\/index.php?rest_route=\/wp\/v2\/pages"}],"about":[{"href":"https:\/\/www.tierdoktor.net\/index.php?rest_route=\/wp\/v2\/types\/page"}],"author":[{"embeddable":true,"href":"https:\/\/www.tierdoktor.net\/index.php?rest_route=\/wp\/v2\/users\/1"}],"replies":[{"embeddable":true,"href":"https:\/\/www.tierdoktor.net\/index.php?rest_route=%2Fwp%2Fv2%2Fcomments&post=177"}],"version-history":[{"count":9,"href":"https:\/\/www.tierdoktor.net\/index.php?rest_route=\/wp\/v2\/pages\/177\/revisions"}],"predecessor-version":[{"id":426,"href":"https:\/\/www.tierdoktor.net\/index.php?rest_route=\/wp\/v2\/pages\/177\/revisions\/426"}],"wp:attachment":[{"href":"https:\/\/www.tierdoktor.net\/index.php?rest_route=%2Fwp%2Fv2%2Fmedia&parent=177"}],"curies":[{"name":"wp","href":"https:\/\/api.w.org\/{rel}","templated":true}]}}